{"id":2283,"date":"2019-06-14T15:27:31","date_gmt":"2019-06-14T15:27:31","guid":{"rendered":"https:\/\/conexosoluciones.net\/inicio\/?page_id=2283"},"modified":"2020-09-24T22:57:09","modified_gmt":"2020-09-24T22:57:09","slug":"que-es-belbin","status":"publish","type":"page","link":"https:\/\/conexosoluciones.net\/inicio\/que-es-belbin\/","title":{"rendered":"\u00bfQue es Belbin?"},"content":{"rendered":"<p>[vc_row css_animation=\u00bbrotateInDownLeft\u00bb default_id=\u00bbthemesflat_1562010742&#8243;][vc_column]\r\n\t\t<div class=\"themesflat-spacer \" data-desktop=\"20\" data-mobile=\"20\" data-smobile=\"20\">\t\t\t\r\n\t\t<\/div>[vc_row_inner][vc_column_inner width=\u00bb1\/2&#8243;][vc_single_image image=\u00bb2152&#8243; img_size=\u00bbfull\u00bb css_animation=\u00bbbounceInLeft\u00bb el_class=\u00bbborder-radius-10&#8243;][\/vc_column_inner][vc_column_inner width=\u00bb1\/2&#8243;][vc_column_text css_animation=\u00bbbounceInRight\u00bb el_class=\u00bbtext-services\u00bb]<\/p>\n<p align=\"justify\"><span style=\"color: #000000;\">Conexo Soluciones empresariales es el representante regional, para Costa Rica y Centroam\u00e9rica, de la metodolog\u00eda cient\u00edfica para la gesti\u00f3n de personas y de equipos, \u201cRoles de Equipo BELBIN\u201d. Amplia y exitosamente utilizada en organizaciones de todo el mundo, es considerada una de las herramientas de vanguardia m\u00e1s efectiva en su \u00e1mbito.<\/span><\/p>\n<p><strong>\u00bfPor qu\u00e9 unos equipos de trabajo tienen \u00e9xito y otros fracasan?<\/strong><\/p>\n<p align=\"justify\"><span style=\"color: #000000;\">Es la pregunta que muchos se hacen cuando es evidente que las cosas no marchan bien. Cuando esto sucede, el da\u00f1o que causa en las relaciones personales, el proyecto u objetivo a alcanzar, es grave.<\/span><\/p>\n<p align=\"justify\"><span style=\"color: #000000;\">Esta misma pregunta fue la que, en 1969, el Dr. Meredith Belbin, de la actual Henley Business School, en Inglaterra, se propuso responder en su investigaci\u00f3n cient\u00edfica, la cual buscaba los elementos claves del funcionamiento de los equipos de alto rendimiento que terminaban siendo eficientes como equipo.<\/span><\/p>\n<p>[\/vc_column_text][\/vc_column_inner][\/vc_row_inner]\r\n\t\t<div class=\"themesflat-spacer \" data-desktop=\"20\" data-mobile=\"20\" data-smobile=\"20\">\t\t\t\r\n\t\t<\/div>[vc_column_text css_animation=\u00bbbounceInDown\u00bb el_class=\u00bbtext-services\u00bb]<\/p>\n<p align=\"justify\"><span style=\"color: #000000;\">Tras nueve a\u00f1os de estudio, los hallazgos que daban, por fin, luz a la gesti\u00f3n de equipos fueron los siguientes:<\/span><\/p>\n<ul>\n<li style=\"list-style: none;\"><span style=\"color: #000000;\">a. Es\u00a0el comportamiento de los miembros -y no su intelecto- el responsable del \u00e9xito y el fracaso del equipo.<\/span><\/li>\n<li style=\"list-style: none;\"><span style=\"color: #000000;\">b. Se identificaron 9 diferentes patrones de comportamiento, cada uno de los cuales constitu\u00eda una contribuci\u00f3n distintiva o \u201cRol de Equipo BELBIN\u201d, y la cual deb\u00eda estar presente en un equipo para que \u00e9ste resultara ser eficiente.<\/span><\/li>\n<\/ul>\n<p>[\/vc_column_text]\r\n\t\t<div class=\"themesflat-spacer \" data-desktop=\"30\" data-mobile=\"20\" data-smobile=\"20\">\t\t\t\r\n\t\t<\/div><div class=\"title-section   left \">\r\n\t\t\r\n\t\t\t<div class=\"top-title\">\r\n\t\t\t\tUn Rol de Equipo definido por Meredith Bellbin es:\r\n\t\t\t<\/div>\r\n\t\t<h2 class=\"title\" style=\"\r\n\t\t\tfont-size: 15px;\r\n\t\t\tfont-weight: 700;\r\n\t\t\tline-height: 36px;\r\n\t\t\tcolor: #111111;\r\n\t\t\tmargin-bottom: 2px;\r\n\t\t\tletter-spacing: 0px;\r\n\t\t\">\r\n\t\t\t\u201cUna tendencia a comportarse, contribuir e interrelacionarse con los dem\u00e1s de una determinada manera.\u201d\r\n\t\t<\/h2>\t\r\n\t\t\t\t\t\r\n\t\t\r\n\r\n\t<\/div>[vc_column_text css_animation=\u00bbfadeInUpBig\u00bb]<\/p>\n<ul>\n<li style=\"list-style: none;\">c. Los Roles de Equipo BELBIN son:<\/li>\n<\/ul>\n<p>[\/vc_column_text][vc_single_image image=\u00bb2560&#8243; img_size=\u00bbfull\u00bb alignment=\u00bbcenter\u00bb css_animation=\u00bbfadeInLeftBig\u00bb css=\u00bb.vc_custom_1562006098549{margin-top: 40px !important;margin-bottom: 40px !important;}\u00bb][vc_column_text css_animation=\u00bbfadeInUpBig\u00bb]<\/p>\n<ul>\n<li style=\"list-style: none;\"><span style=\"color: #000000;\">d. Otro hallazgo importante es que a partir de los test psicom\u00e9tricos se puede PREDECIR los roles que desempe\u00f1ar\u00e1n los miembros de un equipo y las probabilidades de \u00e9xito o fracaso que ese equipo tiene.<\/span><\/li>\n<\/ul>\n<p align=\"justify\"><span style=\"color: #000000;\">La investigaci\u00f3n del Dr. Meredith Belbin dej\u00f3 manifiesto que el \u00e9xito en la gesti\u00f3n de personas pasa por comprender que los equipos con mayor rendimiento est\u00e1n conformados por la diversidad de comportamientos que constituyen los <strong>9 Roles de Equipo BELBIN<\/strong>, la puesta en valor y la coordinaci\u00f3n de sus aportaciones dentro del equipo y la asignaci\u00f3n adecuada de sus tareas.<\/span><\/p>\n<p>[\/vc_column_text][\/vc_column][\/vc_row][vc_row css_animation=\u00bbrotateIn\u00bb default_id=\u00bbthemesflat_1562010707&#8243;][vc_column css_animation=\u00bbfadeInRightBig\u00bb]\r\n\t\t<div class=\"themesflat-spacer \" data-desktop=\"20\" data-mobile=\"20\" data-smobile=\"20\">\t\t\t\r\n\t\t<\/div><div class=\"title-section   center \">\r\n\t\t\r\n\t\t\t<div class=\"top-title\">\r\n\t\t\t\tBELBIN\r\n\t\t\t<\/div>\r\n\t\t<h2 class=\"title\" style=\"\r\n\t\t\tfont-size: 28px;\r\n\t\t\tfont-weight: 500;\r\n\t\t\tline-height: 36px;\r\n\t\t\tcolor: #111111;\r\n\t\t\tmargin-bottom: 2px;\r\n\t\t\tletter-spacing: 0px;\r\n\t\t\">\r\n\t\t\tLa metodolog\u00eda cient\u00edfica que te permite crear y gestionar equipos de trabajo exitosos\r\n\t\t<\/h2>\t\r\n\t\t\t\t\t\r\n\t\t\r\n\r\n\t<\/div>\r\n\t\t<div class=\"themesflat-spacer \" data-desktop=\"20\" data-mobile=\"20\" data-smobile=\"20\">\t\t\t\r\n\t\t<\/div>[vc_video link=\u00bbhttps:\/\/www.youtube.com\/embed\/QjjKAZiqGqg\u00bb css_animation=\u00bbfadeInDown\u00bb][\/vc_column][\/vc_row][vc_row default_id=\u00bbthemesflat_1562172240&#8243; css=\u00bb.vc_custom_1562172247977{margin-top: 50px !important;}\u00bb][vc_column css_animation=\u00bbfadeInDownBig\u00bb][vc_column_text css_animation=\u00bbbounceInDown\u00bb el_class=\u00bbtext-services\u00bb]Cont\u00e1ctenos para obtener m\u00e1s informaci\u00f3n acerca de la metodolog\u00eda de <a style=\"color: #d21e2b;\" href=\"#\">Roles de Equipo BELBIN<\/a>, herramienta capaz de ayudarte efectivamente a gestionar tus equipos de trabajo, mejorando la autoconciencia, impulsando que las personas trabajen juntas de manera m\u00e1s efectiva y ayud\u00e1ndote a crear y gestionar equipos eficientes y exitosos.[\/vc_column_text][vc_btn title=\u00bbCont\u00e1ctenos\u00bb color=\u00bbdanger\u00bb css_animation=\u00bbfadeInRightBig\u00bb link=\u00bburl:http%3A%2F%2Fconexosoluciones.net%2Finicio%2Fcontacto%2F|||\u00bb el_class=\u00bbbotonContacto\u00bb][vc_column_text css_animation=\u00bbbounceInDown\u00bb el_class=\u00bbtext-services\u00bb]<a style=\"color: #d21e2b;\" href=\"https:\/\/conexosoluciones.net\/inicio\/cursos-talleres-charlas-belbin\/#1523929868448-b4c121ed-7fa5\">Con\u00f3cete m\u00e1s con BELBIN<\/a>, es un curso dise\u00f1ado para inicies probando la metodolog\u00eda en ti mismo y descubrir lo que esta puede aportar para tu autoconocimiento y desarrollo personal.[\/vc_column_text][\/vc_column][\/vc_row][vc_row css_animation=\u00bbnone\u00bb default_id=\u00bbthemesflat_1562174426&#8243; css=\u00bb.vc_custom_1562966876498{margin-top: 40px !important;margin-bottom: 50px !important;}\u00bb][vc_column]<div class=\"title-section   left \">\r\n\t\t\r\n\t\t<h2 class=\"title\" style=\"\r\n\t\t\tfont-size: 24px;\r\n\t\t\tfont-weight: 500;\r\n\t\t\tline-height: 36px;\r\n\t\t\tcolor: #111111;\r\n\t\t\tmargin-bottom: 2px;\r\n\t\t\tletter-spacing: 0px;\r\n\t\t\">\r\n\t\t\tNecesita Ayuda?\r\n\t\t<\/h2>\t\r\n\t\t<div class=\"title-line\"><\/div>\t\t\t\r\n\t\t\r\n\r\n\t<\/div>[vc_row_inner][vc_column_inner width=\u00bb1\/4&#8243;]<div class=\"themesflat_iconbox themesflat_hover  inline-left style1 circle themesflat_1562173506\" >\r\n\t\t\r\n\t\t<div class=\"iconbox-icon\" style=\"width: 60px;height: 60px;background-color: #d21e2b\"><div class=\"icon\" style=\"width: 60px;height: 60px;background-color: #d21e2b\"><span class=\"fa fa-phone\" style=\"line-height: 60px;color: #ffffff;font-size: 25px\"><\/span><\/div><\/div>\r\n\t\t\r\n\t\t<div class=\"iconbox-content\" style=\"\r\n\t\t\ttext-align: unset;\r\n\t\t\">\r\n\t\t\t<h4 class=\"title\" style=\"font-size: 18px;font-weight: 500;color: #111111\">Llamanos<\/h4>\r\n\t\t\t\r\n\t\t\t<ul>\n<li><a class=\"btncontactos\" style=\"color: #250f07;\" href=\"tel:+50660172487\"><span class=\"btncontactos\" style=\"color: #000000;\">(+506) 6017 2487<\/span><\/a><\/li>\n<\/ul>\n\r\n\t\t\t\r\n\t\t<\/div>\r\n\t<\/div>[\/vc_column_inner][vc_column_inner width=\u00bb1\/4&#8243;]<div class=\"themesflat_iconbox themesflat_hover  inline-left style1 circle themesflat_1562173506\" >\r\n\t\t\r\n\t\t<div class=\"iconbox-icon\" style=\"width: 60px;height: 60px;background-color: #d21e2b\"><div class=\"icon\" style=\"width: 60px;height: 60px;background-color: #d21e2b\"><span class=\"fa fa-envelope-open\" style=\"line-height: 60px;color: #ffffff;font-size: 25px\"><\/span><\/div><\/div>\r\n\t\t\r\n\t\t<div class=\"iconbox-content\" style=\"\r\n\t\t\ttext-align: unset;\r\n\t\t\">\r\n\t\t\t<h4 class=\"title\" style=\"font-size: 18px;font-weight: 500;color: #111111\">Mensaje<\/h4>\r\n\t\t\t\r\n\t\t\t<ul>\n<li><a class=\"btncontactos\" style=\"color: #250f07;\" href=\"mailto:info@conexosoluciones.net\"><span class=\"btncontactos\" style=\"color: #000000;\">info@conexosoluciones.net<\/span><\/a><\/li>\n<\/ul>\n\r\n\t\t\t\r\n\t\t<\/div>\r\n\t<\/div>[\/vc_column_inner][vc_column_inner width=\u00bb1\/4&#8243;]<div class=\"themesflat_iconbox themesflat_hover  inline-left style1 circle themesflat_1562173506\" >\r\n\t\t\r\n\t\t<div class=\"iconbox-icon\" style=\"width: 60px;height: 60px;background-color: #d21e2b\"><div class=\"icon\" style=\"width: 60px;height: 60px;background-color: #d21e2b\"><span class=\"fa fa-globe\" style=\"line-height: 60px;color: #ffffff;font-size: 25px\"><\/span><\/div><\/div>\r\n\t\t\r\n\t\t<div class=\"iconbox-content\" style=\"\r\n\t\t\ttext-align: unset;\r\n\t\t\">\r\n\t\t\t<h4 class=\"title\" style=\"font-size: 18px;font-weight: 500;color: #111111\">Nuestra Ubicaci\u00f3n<\/h4>\r\n\t\t\t\r\n\t\t\t<ul>\n<li><span class=\"btncontactos\" style=\"color: #000000;\">San Jos\u00e9, Costa Rica<\/span><\/li>\n<li><span class=\"btncontactos\" style=\"color: #000000;\">Am\u00e9rica Central<\/span><\/li>\n<\/ul>\n\r\n\t\t\t\r\n\t\t<\/div>\r\n\t<\/div>[\/vc_column_inner][vc_column_inner width=\u00bb1\/4&#8243;]<div class=\"themesflat_iconbox themesflat_hover  inline-left style1 circle themesflat_1562173506\" >\r\n\t\t\r\n\t\t<div class=\"iconbox-icon\" style=\"width: 60px;height: 60px;background-color: #d21e2b\"><div class=\"icon\" style=\"width: 60px;height: 60px;background-color: #d21e2b\"><span class=\"fa fa-clock-o\" style=\"line-height: 60px;color: #ffffff;font-size: 25px\"><\/span><\/div><\/div>\r\n\t\t\r\n\t\t<div class=\"iconbox-content\" style=\"\r\n\t\t\ttext-align: unset;\r\n\t\t\">\r\n\t\t\t<h4 class=\"title\" style=\"font-size: 18px;font-weight: 500;color: #111111\">Horarios de Atenci\u00f3n<\/h4>\r\n\t\t\t\r\n\t\t\t<ul>\n<li><span class=\"btncontactos\" style=\"color: #000000;\">Lunes a Viernes 08:00 &#8211; 17:00<\/span><\/li>\n<\/ul>\n\r\n\t\t\t\r\n\t\t<\/div>\r\n\t<\/div>[\/vc_column_inner][\/vc_row_inner][\/vc_column][\/vc_row][vc_row][vc_column][vc_separator color=\u00bbwhite\u00bb css=\u00bb.vc_custom_1560540878376{margin-top: 50px !important;margin-bottom: 50px !important;}\u00bb][\/vc_column][\/vc_row]<\/p>\n<!-- AddThis Advanced Settings generic via filter on the_content --><!-- AddThis Share Buttons generic via filter on the_content -->","protected":false},"excerpt":{"rendered":"<p>[vc_row css_animation=\u00bbrotateInDownLeft\u00bb default_id=\u00bbthemesflat_1562010742&#8243;][vc_column][vc_row_inner][vc_column_inner width=\u00bb1\/2&#8243;][vc_single_image image=\u00bb2152&#8243; img_size=\u00bbfull\u00bb css_animation=\u00bbbounceInLeft\u00bb el_class=\u00bbborder-radius-10&#8243;][\/vc_column_inner][vc_column_inner width=\u00bb1\/2&#8243;][vc_column_text css_animation=\u00bbbounceInRight\u00bb el_class=\u00bbtext-services\u00bb] Conexo Soluciones empresariales es el representante regional, para Costa Rica y Centroam\u00e9rica, de la metodolog\u00eda cient\u00edfica para la gesti\u00f3n de personas y de equipos, \u201cRoles de Equipo BELBIN\u201d. Amplia y exitosamente utilizada en organizaciones de todo el mundo, es considerada una de las herramientas de vanguardia [&hellip;]<!-- AddThis Advanced Settings generic via filter on get_the_excerpt --><!-- AddThis Share Buttons generic via filter on get_the_excerpt --><\/p>\n","protected":false},"author":2,"featured_media":0,"parent":0,"menu_order":0,"comment_status":"closed","ping_status":"closed","template":"","meta":{"content-type":""},"yoast_head":"<!-- This site is optimized with the Yoast SEO plugin v15.7 - https:\/\/yoast.com\/wordpress\/plugins\/seo\/ -->\n<title>\u00bfQue es Belbin? - Conexo Soluciones<\/title>\n<meta name=\"robots\" content=\"index, follow, max-snippet:-1, max-image-preview:large, max-video-preview:-1\" \/>\n<link rel=\"canonical\" href=\"https:\/\/conexosoluciones.net\/inicio\/que-es-belbin\/\" \/>\n<meta property=\"og:locale\" content=\"es_ES\" \/>\n<meta property=\"og:type\" content=\"article\" \/>\n<meta property=\"og:title\" content=\"\u00bfQue es Belbin? - Conexo Soluciones\" \/>\n<meta property=\"og:description\" content=\"[vc_row css_animation=\u00bbrotateInDownLeft\u00bb default_id=\u00bbthemesflat_1562010742&#8243;][vc_column][vc_row_inner][vc_column_inner width=\u00bb1\/2&#8243;][vc_single_image image=\u00bb2152&#8243; img_size=\u00bbfull\u00bb css_animation=\u00bbbounceInLeft\u00bb el_class=\u00bbborder-radius-10&#8243;][\/vc_column_inner][vc_column_inner width=\u00bb1\/2&#8243;][vc_column_text css_animation=\u00bbbounceInRight\u00bb el_class=\u00bbtext-services\u00bb] Conexo Soluciones empresariales es el representante regional, para Costa Rica y Centroam\u00e9rica, de la metodolog\u00eda cient\u00edfica para la gesti\u00f3n de personas y de equipos, \u201cRoles de Equipo BELBIN\u201d. Amplia y exitosamente utilizada en organizaciones de todo el mundo, es considerada una de las herramientas de vanguardia [&hellip;]\" \/>\n<meta property=\"og:url\" content=\"https:\/\/conexosoluciones.net\/inicio\/que-es-belbin\/\" \/>\n<meta property=\"og:site_name\" content=\"Conexo Soluciones\" \/>\n<meta property=\"article:modified_time\" content=\"2020-09-24T22:57:09+00:00\" \/>\n<meta name=\"twitter:card\" content=\"summary_large_image\" \/>\n<meta name=\"twitter:label1\" content=\"Tiempo de lectura\">\n\t<meta name=\"twitter:data1\" content=\"5 minutos\">\n<script type=\"application\/ld+json\" class=\"yoast-schema-graph\">{\"@context\":\"https:\/\/schema.org\",\"@graph\":[{\"@type\":\"Organization\",\"@id\":\"https:\/\/conexosoluciones.net\/inicio\/#organization\",\"name\":\"Conexo Soluciones\",\"url\":\"https:\/\/conexosoluciones.net\/inicio\/\",\"sameAs\":[],\"logo\":{\"@type\":\"ImageObject\",\"@id\":\"https:\/\/conexosoluciones.net\/inicio\/#logo\",\"inLanguage\":\"es\",\"url\":\"https:\/\/conexosoluciones.net\/inicio\/wp-content\/uploads\/2019\/06\/logo.png\",\"width\":727,\"height\":242,\"caption\":\"Conexo Soluciones\"},\"image\":{\"@id\":\"https:\/\/conexosoluciones.net\/inicio\/#logo\"}},{\"@type\":\"WebSite\",\"@id\":\"https:\/\/conexosoluciones.net\/inicio\/#website\",\"url\":\"https:\/\/conexosoluciones.net\/inicio\/\",\"name\":\"Conexo Soluciones\",\"description\":\"Soluciones Empresariales\",\"publisher\":{\"@id\":\"https:\/\/conexosoluciones.net\/inicio\/#organization\"},\"potentialAction\":[{\"@type\":\"SearchAction\",\"target\":\"https:\/\/conexosoluciones.net\/inicio\/?s={search_term_string}\",\"query-input\":\"required name=search_term_string\"}],\"inLanguage\":\"es\"},{\"@type\":\"WebPage\",\"@id\":\"https:\/\/conexosoluciones.net\/inicio\/que-es-belbin\/#webpage\",\"url\":\"https:\/\/conexosoluciones.net\/inicio\/que-es-belbin\/\",\"name\":\"\\u00bfQue es Belbin? - Conexo Soluciones\",\"isPartOf\":{\"@id\":\"https:\/\/conexosoluciones.net\/inicio\/#website\"},\"datePublished\":\"2019-06-14T15:27:31+00:00\",\"dateModified\":\"2020-09-24T22:57:09+00:00\",\"inLanguage\":\"es\",\"potentialAction\":[{\"@type\":\"ReadAction\",\"target\":[\"https:\/\/conexosoluciones.net\/inicio\/que-es-belbin\/\"]}]}]}<\/script>\n<!-- \/ Yoast SEO plugin. -->","_links":{"self":[{"href":"https:\/\/conexosoluciones.net\/inicio\/wp-json\/wp\/v2\/pages\/2283"}],"collection":[{"href":"https:\/\/conexosoluciones.net\/inicio\/wp-json\/wp\/v2\/pages"}],"about":[{"href":"https:\/\/conexosoluciones.net\/inicio\/wp-json\/wp\/v2\/types\/page"}],"author":[{"embeddable":true,"href":"https:\/\/conexosoluciones.net\/inicio\/wp-json\/wp\/v2\/users\/2"}],"replies":[{"embeddable":true,"href":"https:\/\/conexosoluciones.net\/inicio\/wp-json\/wp\/v2\/comments?post=2283"}],"version-history":[{"count":0,"href":"https:\/\/conexosoluciones.net\/inicio\/wp-json\/wp\/v2\/pages\/2283\/revisions"}],"wp:attachment":[{"href":"https:\/\/conexosoluciones.net\/inicio\/wp-json\/wp\/v2\/media?parent=2283"}],"curies":[{"name":"wp","href":"https:\/\/api.w.org\/{rel}","templated":true}]}}